{"id":1576,"date":"2020-08-23T10:43:55","date_gmt":"2020-08-23T10:43:55","guid":{"rendered":"https:\/\/alertauto.ee\/?page_id=1576"},"modified":"2024-04-12T12:38:44","modified_gmt":"2024-04-12T12:38:44","slug":"alert-auto","status":"publish","type":"page","link":"https:\/\/alertauto.ee\/fi\/alert-auto\/","title":{"rendered":"(Eesti) ALERT AUTO"},"content":{"rendered":"<div id=\"pl-1576\"  class=\"panel-layout\" ><div id=\"pg-1576-0\"  class=\"panel-grid panel-no-style\" ><div id=\"pgc-1576-0-0\"  class=\"panel-grid-cell\" ><div id=\"panel-1576-0-0-0\" class=\"so-panel widget widget_sow-editor panel-first-child panel-last-child\" data-index=\"0\" ><div\n\t\t\t\n\t\t\tclass=\"so-widget-sow-editor so-widget-sow-editor-base\"\n\t\t\t\n\t\t>\n<div class=\"siteorigin-widget-tinymce textwidget\">\n\t<div class=\"section-desc\">\n<h2 class=\"section-title\" style=\"text-align: center;\">ALERT AUTO<\/h2>\n<div class=\"flex-1 overflow-hidden\">\n<div class=\"react-scroll-to-bottom--css-qxygy-79elbk h-full\">\n<div class=\"react-scroll-to-bottom--css-qxygy-1n7m0yu\">\n<div>\n<div class=\"flex flex-col text-sm pb-9\">\n<div class=\"w-full text-token-text-primary\" dir=\"auto\" data-testid=\"conversation-turn-7\">\n<div class=\"px-4 py-2 justify-center text-base md:gap-6 m-auto\">\n<div class=\"flex flex-1 text-base mx-auto gap-3 juice:gap-4 juice:md:gap-6 md:px-5 lg:px-1 xl:px-5 md:max-w-3xl lg:max-w-[40rem] xl:max-w-[48rem] group final-completion\">\n<div class=\"relative flex w-full flex-col agent-turn\">\n<div class=\"flex-col gap-1 md:gap-3\">\n<div class=\"flex flex-grow flex-col max-w-full\">\n<div class=\"min-h-[20px] text-message flex flex-col items-start gap-3 whitespace-pre-wrap break-words [.text-message+&amp;]:mt-5 overflow-x-auto\" dir=\"auto\" data-message-author-role=\"assistant\" data-message-id=\"303138cf-2cbd-4d29-a12c-a429a4cdbf0a\">\n<div class=\"markdown prose w-full break-words dark:prose-invert light\">\n<p style=\"text-align: left;\">Alert Auto O\u00dc on asutatud 1997. aastal. Meie meeskond koosneb autot\u00f6\u00f6stuse t\u00f5elistest spetsialistidest, kes tagavad t\u00e4pse diagnostika ja vajaliku remondi. Lisaks pakume kere- ja v\u00e4rvit\u00f6id. Meie teenuste valik ulatub pirnivahetusest kuni kapitaalremontideni.<\/p>\n<p style=\"text-align: left;\">Suudame pakkuda kiiret kaubatarnet ja teenindamist, muretsemata kvaliteedi p\u00e4rast. Tarnime vastavalt kliendi soovile nii originaal- kui ka B-varuosasid. Vajadusel pukseerime auto kohapeale, teostame remondi ning klient saab juba varsti korras auto k\u00e4tte. Meie ooteruumis on kliendile tagatud mugavus v\u00e4rskete ajalehtede ja Wi-Fi-ga ning vajadusel pakume asendusautot v\u00f5i jalgratast.<\/p>\n<p style=\"text-align: left;\">Ootame teid meie autoremondikeskuses aadressil Kotka 3A, Tallinn.<\/p>\n<\/div>\n<\/div>\n<\/div>\n<div class=\"mt-1 flex gap-3 empty:hidden\">\n<div class=\"text-gray-400 flex self-end lg:self-center items-center justify-center lg:justify-start mt-0 -ml-1 h-7 gap-[2px] visible\"><\/div>\n<\/div>\n<\/div>\n<\/div>\n<\/div>\n<\/div>\n<\/div>\n<\/div>\n<\/div>\n<\/div>\n<\/div>\n<\/div>\n<p><a href=\"https:\/\/alertauto.ee\/wp-content\/uploads\/2023\/03\/TOP_ettevote_margis_2019.png\"><img loading=\"lazy\" decoding=\"async\" class=\"alignnone wp-image-1695 size-medium\" src=\"https:\/\/alertauto.ee\/wp-content\/uploads\/2023\/03\/TOP_ettevote_margis_2019-300x300.png\" alt=\"\" width=\"300\" height=\"300\" srcset=\"https:\/\/alertauto.ee\/wp-content\/uploads\/2023\/03\/TOP_ettevote_margis_2019-300x300.png 300w, https:\/\/alertauto.ee\/wp-content\/uploads\/2023\/03\/TOP_ettevote_margis_2019-150x150.png 150w, https:\/\/alertauto.ee\/wp-content\/uploads\/2023\/03\/TOP_ettevote_margis_2019-12x12.png 12w, https:\/\/alertauto.ee\/wp-content\/uploads\/2023\/03\/TOP_ettevote_margis_2019.png 562w\" sizes=\"auto, (max-width: 300px) 100vw, 300px\" \/><\/a><a href=\"https:\/\/alertauto.ee\/wp-content\/uploads\/2023\/03\/usaldusvaarsuse-margis-infopank_EST.png\"><img loading=\"lazy\" decoding=\"async\" class=\"alignnone wp-image-1694 size-medium\" src=\"https:\/\/alertauto.ee\/wp-content\/uploads\/2023\/03\/usaldusvaarsuse-margis-infopank_EST-300x277.png\" alt=\"\" width=\"300\" height=\"277\" srcset=\"https:\/\/alertauto.ee\/wp-content\/uploads\/2023\/03\/usaldusvaarsuse-margis-infopank_EST-300x277.png 300w, https:\/\/alertauto.ee\/wp-content\/uploads\/2023\/03\/usaldusvaarsuse-margis-infopank_EST-150x138.png 150w, https:\/\/alertauto.ee\/wp-content\/uploads\/2023\/03\/usaldusvaarsuse-margis-infopank_EST-13x12.png 13w, https:\/\/alertauto.ee\/wp-content\/uploads\/2023\/03\/usaldusvaarsuse-margis-infopank_EST.png 500w\" sizes=\"auto, (max-width: 300px) 100vw, 300px\" \/><\/a><a href=\"https:\/\/alertauto.ee\/wp-content\/uploads\/2023\/03\/meilijalus_usaldusvaarsuse_margis_infopank_EST.png\"><img loading=\"lazy\" decoding=\"async\" class=\"alignnone wp-image-1693 size-medium\" src=\"https:\/\/alertauto.ee\/wp-content\/uploads\/2023\/03\/meilijalus_usaldusvaarsuse_margis_infopank_EST-300x75.png\" alt=\"\" width=\"300\" height=\"75\" srcset=\"https:\/\/alertauto.ee\/wp-content\/uploads\/2023\/03\/meilijalus_usaldusvaarsuse_margis_infopank_EST-300x75.png 300w, https:\/\/alertauto.ee\/wp-content\/uploads\/2023\/03\/meilijalus_usaldusvaarsuse_margis_infopank_EST-150x38.png 150w, https:\/\/alertauto.ee\/wp-content\/uploads\/2023\/03\/meilijalus_usaldusvaarsuse_margis_infopank_EST-768x192.png 768w, https:\/\/alertauto.ee\/wp-content\/uploads\/2023\/03\/meilijalus_usaldusvaarsuse_margis_infopank_EST-18x5.png 18w, https:\/\/alertauto.ee\/wp-content\/uploads\/2023\/03\/meilijalus_usaldusvaarsuse_margis_infopank_EST.png 1500w\" sizes=\"auto, (max-width: 300px) 100vw, 300px\" \/><\/a><\/p>\n<p><a href=\"https:\/\/alertauto.ee\/wp-content\/uploads\/2023\/03\/AlertAuto2019Gasell.jpg\"><img loading=\"lazy\" decoding=\"async\" class=\"alignnone size-full wp-image-1703\" src=\"https:\/\/alertauto.ee\/wp-content\/uploads\/2023\/03\/AlertAuto2019Gasell.jpg\" alt=\"\" width=\"595\" height=\"841\" srcset=\"https:\/\/alertauto.ee\/wp-content\/uploads\/2023\/03\/AlertAuto2019Gasell.jpg 595w, https:\/\/alertauto.ee\/wp-content\/uploads\/2023\/03\/AlertAuto2019Gasell-212x300.jpg 212w, https:\/\/alertauto.ee\/wp-content\/uploads\/2023\/03\/AlertAuto2019Gasell-106x150.jpg 106w, https:\/\/alertauto.ee\/wp-content\/uploads\/2023\/03\/AlertAuto2019Gasell-8x12.jpg 8w\" sizes=\"auto, (max-width: 595px) 100vw, 595px\" \/><\/a><a href=\"https:\/\/alertauto.ee\/wp-content\/uploads\/2023\/03\/Alert-Auto-UE-eesti.jpg\"><img loading=\"lazy\" decoding=\"async\" class=\"alignnone size-full wp-image-1704\" src=\"https:\/\/alertauto.ee\/wp-content\/uploads\/2023\/03\/Alert-Auto-UE-eesti.jpg\" alt=\"\" width=\"612\" height=\"858\" srcset=\"https:\/\/alertauto.ee\/wp-content\/uploads\/2023\/03\/Alert-Auto-UE-eesti.jpg 612w, https:\/\/alertauto.ee\/wp-content\/uploads\/2023\/03\/Alert-Auto-UE-eesti-214x300.jpg 214w, https:\/\/alertauto.ee\/wp-content\/uploads\/2023\/03\/Alert-Auto-UE-eesti-107x150.jpg 107w, https:\/\/alertauto.ee\/wp-content\/uploads\/2023\/03\/Alert-Auto-UE-eesti-9x12.jpg 9w\" sizes=\"auto, (max-width: 612px) 100vw, 612px\" \/><\/a><\/p>\n<\/div>\n<\/div>\n<\/div><\/div><\/div><\/div><\/div>","protected":false},"excerpt":{"rendered":"<p>ALERT AUTO Alert Auto O\u00dc on asutatud 1997. aastal. Meie meeskond koosneb autot\u00f6\u00f6stuse t\u00f5elistest spetsialistidest, kes tagavad t\u00e4pse diagnostika ja vajaliku remondi. Lisaks pakume kere- ja v\u00e4rvit\u00f6id. Meie teenuste valik &#8230;<\/p>\n","protected":false},"author":1,"featured_media":0,"parent":0,"menu_order":0,"comment_status":"closed","ping_status":"closed","template":"","meta":{"footnotes":""},"class_list":["post-1576","page","type-page","status-publish","hentry"],"_links":{"self":[{"href":"https:\/\/alertauto.ee\/fi\/wp-json\/wp\/v2\/pages\/1576","targetHints":{"allow":["GET"]}}],"collection":[{"href":"https:\/\/alertauto.ee\/fi\/wp-json\/wp\/v2\/pages"}],"about":[{"href":"https:\/\/alertauto.ee\/fi\/wp-json\/wp\/v2\/types\/page"}],"author":[{"embeddable":true,"href":"https:\/\/alertauto.ee\/fi\/wp-json\/wp\/v2\/users\/1"}],"replies":[{"embeddable":true,"href":"https:\/\/alertauto.ee\/fi\/wp-json\/wp\/v2\/comments?post=1576"}],"version-history":[{"count":16,"href":"https:\/\/alertauto.ee\/fi\/wp-json\/wp\/v2\/pages\/1576\/revisions"}],"predecessor-version":[{"id":1860,"href":"https:\/\/alertauto.ee\/fi\/wp-json\/wp\/v2\/pages\/1576\/revisions\/1860"}],"wp:attachment":[{"href":"https:\/\/alertauto.ee\/fi\/wp-json\/wp\/v2\/media?parent=1576"}],"curies":[{"name":"wp","href":"https:\/\/api.w.org\/{rel}","templated":true}]}}